{"id":4548,"date":"2025-05-07T10:01:36","date_gmt":"2025-05-07T10:01:36","guid":{"rendered":"https:\/\/dev.forest-adventures.de\/?page_id=4548"},"modified":"2025-10-27T14:50:21","modified_gmt":"2025-10-27T14:50:21","slug":"baumpflege-und-inspektionen-von-kletterwaeldern","status":"publish","type":"page","link":"https:\/\/dev.forest-adventures.de\/index.php\/baumpflege-und-inspektionen-von-kletterwaeldern\/","title":{"rendered":"Baumpflege und Inspektionen von Kletterw\u00e4ldern"},"content":{"rendered":"\t\t<div data-elementor-type=\"wp-page\" data-elementor-id=\"4548\" class=\"elementor elementor-4548\" data-elementor-post-type=\"page\">\n\t\t\t\t\t\t<section class=\"elementor-section elementor-top-section elementor-element elementor-element-dcc15b3 elementor-section-full_width elementor-section-height-min-height elementor-section-items-stretch observed-section elementor-hidden-mobile elementor-section-height-default\" data-id=\"dcc15b3\" data-element_type=\"section\" data-e-type=\"section\" data-settings=\"{&quot;background_background&quot;:&quot;classic&quot;}\">\n\t\t\t\t\t\t\t<div class=\"elementor-background-overlay\"><\/div>\n\t\t\t\t\t\t\t<div class=\"elementor-container elementor-column-gap-no\">\n\t\t\t\t\t<div class=\"elementor-column elementor-col-100 elementor-top-column elementor-element elementor-element-5db53ad\" data-id=\"5db53ad\" data-element_type=\"column\" data-e-type=\"column\" data-settings=\"{&quot;background_background&quot;:&quot;classic&quot;}\">\n\t\t\t<div class=\"elementor-widget-wrap elementor-element-populated\">\n\t\t\t\t\t<div class=\"elementor-background-overlay\"><\/div>\n\t\t\t\t<div class=\"elementor-element elementor-element-1d9519d e-flex e-con-boxed e-con e-parent\" data-id=\"1d9519d\" data-element_type=\"container\" data-e-type=\"container\" data-settings=\"{&quot;background_background&quot;:&quot;classic&quot;}\">\n\t\t\t\t\t<div class=\"e-con-inner\">\n\t\t\t\t<div class=\"elementor-element elementor-element-3cd5b73 elementor-widget elementor-widget-text-editor\" data-id=\"3cd5b73\" data-element_type=\"widget\" data-e-type=\"widget\" data-widget_type=\"text-editor.default\">\n\t\t\t\t<div class=\"elementor-widget-container\">\n\t\t\t\t\t\t\t\t\t<p class=\"\" style=\"text-align: center;\" data-start=\"152\" data-end=\"590\"><strong><span style=\"text-decoration: underline;\"><span style=\"color: #000000; text-decoration: underline;\">Baumpflege, Bau und Inspektionen von Kletterw\u00e4ldern und Spielpl\u00e4tzen<\/span><\/span><\/strong><\/p><p class=\"\" style=\"text-align: center;\" data-start=\"152\" data-end=\"590\"><span style=\"color: #333333;\">Sicherheit und Gesundheit der B\u00e4ume stehen bei uns an erster Stelle \u2013 denn nur ein vitaler Baum bietet ein sicheres Klettererlebnis. Mit langj\u00e4hriger Erfahrung und einem geschulten Blick f\u00fchren wir fachgerechte Baumpflegearbeiten sowie regelm\u00e4\u00dfige Sicherheitsinspektionen in Kletterw\u00e4ldern durch. Dabei achten wir nicht nur auf die Stabilit\u00e4t der B\u00e4ume, sondern auch auf die einwandfreie Verankerung und Belastbarkeit der Kletterelemente.<\/span><\/p><p class=\"\" style=\"text-align: center;\" data-start=\"592\" data-end=\"784\"><span style=\"color: #333333;\">Ob Kontrollg\u00e4nge, baumschonende R\u00fcckschnitte oder Dokumentation gem\u00e4\u00df aktueller Sicherheitsstandards \u2013 wir sorgen daf\u00fcr, dass Ihr Kletterwald rundum gepflegt, sicher und betriebsbereit bleibt.<\/span><\/p><p class=\"\" style=\"text-align: center;\" data-start=\"786\" data-end=\"851\"><span style=\"color: #333333;\">Vertrauen Sie auf Kompetenz in der H\u00f6he \u2013 f\u00fcr Mensch und Baum.<\/span><\/p><p class=\"\" style=\"text-align: center;\" data-start=\"853\" data-end=\"992\"><strong><span style=\"color: #333333;\">Kontaktieren Sie uns gern f\u00fcr ein unverbindliches Angebot oder ein pers\u00f6nliches Beratungsgespr\u00e4ch.<\/span><\/strong><br data-start=\"955\" data-end=\"958\" \/><strong><span style=\"color: #333333;\">Wir freuen uns auf Ihre Nachricht!<\/span><\/strong><\/p>\t\t\t\t\t\t\t\t<\/div>\n\t\t\t\t<\/div>\n\t\t\t\t\t<\/div>\n\t\t\t\t<\/div>\n\t\t\t\t\t<\/div>\n\t\t<\/div>\n\t\t\t\t\t<\/div>\n\t\t<\/section>\n\t\t\t\t<section class=\"elementor-section elementor-top-section elementor-element elementor-element-58723ac elementor-section-full_width elementor-section-height-min-height elementor-section-items-stretch observed-section elementor-hidden-desktop elementor-hidden-tablet elementor-section-height-default\" data-id=\"58723ac\" data-element_type=\"section\" data-e-type=\"section\" data-settings=\"{&quot;background_background&quot;:&quot;classic&quot;}\">\n\t\t\t\t\t\t\t<div class=\"elementor-background-overlay\"><\/div>\n\t\t\t\t\t\t\t<div class=\"elementor-container elementor-column-gap-no\">\n\t\t\t\t\t<div class=\"elementor-column elementor-col-100 elementor-top-column elementor-element elementor-element-2aabd99\" data-id=\"2aabd99\" data-element_type=\"column\" data-e-type=\"column\">\n\t\t\t<div class=\"elementor-widget-wrap elementor-element-populated\">\n\t\t\t\t<div class=\"elementor-element elementor-element-4532c26 e-flex e-con-boxed e-con e-parent\" data-id=\"4532c26\" data-element_type=\"container\" data-e-type=\"container\" data-settings=\"{&quot;background_background&quot;:&quot;classic&quot;}\">\n\t\t\t\t\t<div class=\"e-con-inner\">\n\t\t\t\t<div class=\"elementor-element elementor-element-4ee9404 elementor-widget elementor-widget-text-editor\" data-id=\"4ee9404\" data-element_type=\"widget\" data-e-type=\"widget\" data-widget_type=\"text-editor.default\">\n\t\t\t\t<div class=\"elementor-widget-container\">\n\t\t\t\t\t\t\t\t\t<p class=\"\" style=\"text-align: center;\" data-start=\"152\" data-end=\"590\"><strong><span style=\"text-decoration: underline;\"><span style=\"color: #000000; text-decoration: underline;\">Baumpflege, Bau und Inspektionen von Kletterw\u00e4ldern und Spielpl\u00e4tzen<\/span><\/span><\/strong><\/p><p class=\"\" style=\"text-align: center;\" data-start=\"152\" data-end=\"590\"><span style=\"color: #333333;\">Sicherheit und Gesundheit der B\u00e4ume stehen bei uns an erster Stelle \u2013 denn nur ein vitaler Baum bietet ein sicheres Klettererlebnis. Mit langj\u00e4hriger Erfahrung und einem geschulten Blick f\u00fchren wir fachgerechte Baumpflegearbeiten sowie regelm\u00e4\u00dfige Sicherheitsinspektionen in Kletterw\u00e4ldern durch. Dabei achten wir nicht nur auf die Stabilit\u00e4t der B\u00e4ume, sondern auch auf die einwandfreie Verankerung und Belastbarkeit der Kletterelemente.<\/span><\/p><p class=\"\" style=\"text-align: center;\" data-start=\"592\" data-end=\"784\"><span style=\"color: #333333;\">Ob Kontrollg\u00e4nge, baumschonende R\u00fcckschnitte oder Dokumentation gem\u00e4\u00df aktueller Sicherheitsstandards \u2013 wir sorgen daf\u00fcr, dass Ihr Kletterwald rundum gepflegt, sicher und betriebsbereit bleibt.<\/span><\/p><p class=\"\" style=\"text-align: center;\" data-start=\"853\" data-end=\"992\"><strong><span style=\"color: #333333;\">Kontaktieren Sie uns gern f\u00fcr ein unverbindliches Angebot oder ein pers\u00f6nliches Beratungsgespr\u00e4ch.<\/span><\/strong><br data-start=\"955\" data-end=\"958\" \/><strong><span style=\"color: #333333;\">Wir freuen uns auf Ihre Nachricht!<\/span><\/strong><\/p>\t\t\t\t\t\t\t\t<\/div>\n\t\t\t\t<\/div>\n\t\t\t\t\t<\/div>\n\t\t\t\t<\/div>\n\t\t\t\t\t<\/div>\n\t\t<\/div>\n\t\t\t\t\t<\/div>\n\t\t<\/section>\n\t\t\t\t<\/div>\n\t\t","protected":false},"excerpt":{"rendered":"<p>Baumpflege, Bau und Inspektionen von Kletterw\u00e4ldern und Spielpl\u00e4tzen Sicherheit und Gesundheit der B\u00e4ume stehen bei uns an erster Stelle \u2013 denn nur ein vitaler Baum bietet ein sicheres Klettererlebnis. Mit langj\u00e4hriger Erfahrung und einem geschulten Blick f\u00fchren wir fachgerechte Baumpflegearbeiten sowie regelm\u00e4\u00dfige Sicherheitsinspektionen in Kletterw\u00e4ldern durch. Dabei achten wir nicht nur auf die Stabilit\u00e4t der [&hellip;]<\/p>\n","protected":false},"author":2,"featured_media":0,"parent":0,"menu_order":0,"comment_status":"closed","ping_status":"closed","template":"elementor_header_footer","meta":{"footnotes":""},"class_list":["post-4548","page","type-page","status-publish","hentry"],"_links":{"self":[{"href":"https:\/\/dev.forest-adventures.de\/index.php\/wp-json\/wp\/v2\/pages\/4548","targetHints":{"allow":["GET"]}}],"collection":[{"href":"https:\/\/dev.forest-adventures.de\/index.php\/wp-json\/wp\/v2\/pages"}],"about":[{"href":"https:\/\/dev.forest-adventures.de\/index.php\/wp-json\/wp\/v2\/types\/page"}],"author":[{"embeddable":true,"href":"https:\/\/dev.forest-adventures.de\/index.php\/wp-json\/wp\/v2\/users\/2"}],"replies":[{"embeddable":true,"href":"https:\/\/dev.forest-adventures.de\/index.php\/wp-json\/wp\/v2\/comments?post=4548"}],"version-history":[{"count":262,"href":"https:\/\/dev.forest-adventures.de\/index.php\/wp-json\/wp\/v2\/pages\/4548\/revisions"}],"predecessor-version":[{"id":6670,"href":"https:\/\/dev.forest-adventures.de\/index.php\/wp-json\/wp\/v2\/pages\/4548\/revisions\/6670"}],"wp:attachment":[{"href":"https:\/\/dev.forest-adventures.de\/index.php\/wp-json\/wp\/v2\/media?parent=4548"}],"curies":[{"name":"wp","href":"https:\/\/api.w.org\/{rel}","templated":true}]}}