{"id":4340,"date":"2021-12-16T12:39:13","date_gmt":"2021-12-16T12:39:13","guid":{"rendered":"https:\/\/baumwipfelweg-bad-camberg.de\/?page_id=18"},"modified":"2025-10-28T09:10:12","modified_gmt":"2025-10-28T09:10:12","slug":"impressum","status":"publish","type":"page","link":"https:\/\/dev.forest-adventures.de\/index.php\/impressum\/","title":{"rendered":"Impressum"},"content":{"rendered":"\t\t<div data-elementor-type=\"wp-page\" data-elementor-id=\"4340\" class=\"elementor elementor-4340\" data-elementor-post-type=\"page\">\n\t\t\t\t\t\t<section class=\"elementor-section elementor-top-section elementor-element elementor-element-3714f183 elementor-section-full_width elementor-section-height-min-height elementor-section-items-stretch elementor-section-height-default\" data-id=\"3714f183\" data-element_type=\"section\" data-e-type=\"section\">\n\t\t\t\t\t\t<div class=\"elementor-container elementor-column-gap-default\">\n\t\t\t\t\t<div class=\"elementor-column elementor-col-100 elementor-top-column elementor-element elementor-element-68e56afc\" data-id=\"68e56afc\" data-element_type=\"column\" data-e-type=\"column\" data-settings=\"{&quot;background_background&quot;:&quot;classic&quot;}\">\n\t\t\t<div class=\"elementor-widget-wrap elementor-element-populated\">\n\t\t\t\t\t<div class=\"elementor-background-overlay\"><\/div>\n\t\t\t\t\t\t<section class=\"elementor-section elementor-inner-section elementor-element elementor-element-4a5cc8 elementor-section-boxed elementor-section-height-default elementor-section-height-default\" data-id=\"4a5cc8\" data-element_type=\"section\" data-e-type=\"section\">\n\t\t\t\t\t\t\t<div class=\"elementor-background-overlay\"><\/div>\n\t\t\t\t\t\t\t<div class=\"elementor-container elementor-column-gap-default\">\n\t\t\t\t\t<div class=\"elementor-column elementor-col-100 elementor-inner-column elementor-element elementor-element-14557aa\" data-id=\"14557aa\" data-element_type=\"column\" data-e-type=\"column\" data-settings=\"{&quot;background_background&quot;:&quot;classic&quot;}\">\n\t\t\t<div class=\"elementor-widget-wrap elementor-element-populated\">\n\t\t\t\t\t\t<div class=\"elementor-element elementor-element-2d5719ac elementor-widget elementor-widget-heading\" data-id=\"2d5719ac\" data-element_type=\"widget\" data-e-type=\"widget\" data-widget_type=\"heading.default\">\n\t\t\t\t<div class=\"elementor-widget-container\">\n\t\t\t\t\t<h2 class=\"elementor-heading-title elementor-size-default\">Impressum<\/h2>\t\t\t\t<\/div>\n\t\t\t\t<\/div>\n\t\t\t\t\t<\/div>\n\t\t<\/div>\n\t\t\t\t\t<\/div>\n\t\t<\/section>\n\t\t\t\t\t<\/div>\n\t\t<\/div>\n\t\t\t\t\t<\/div>\n\t\t<\/section>\n\t\t\t\t<section class=\"elementor-section elementor-top-section elementor-element elementor-element-41788088 elementor-section-boxed elementor-section-height-default elementor-section-height-default\" data-id=\"41788088\" data-element_type=\"section\" data-e-type=\"section\">\n\t\t\t\t\t\t<div class=\"elementor-container elementor-column-gap-default\">\n\t\t\t\t\t<div class=\"elementor-column elementor-col-100 elementor-top-column elementor-element elementor-element-511a8898\" data-id=\"511a8898\" data-element_type=\"column\" data-e-type=\"column\">\n\t\t\t<div class=\"elementor-widget-wrap elementor-element-populated\">\n\t\t\t\t\t\t<div class=\"elementor-element elementor-element-7c22f482 elementor-widget elementor-widget-text-editor\" data-id=\"7c22f482\" data-element_type=\"widget\" data-e-type=\"widget\" data-widget_type=\"text-editor.default\">\n\t\t\t\t<div class=\"elementor-widget-container\">\n\t\t\t\t\t\t\t\t\t<p><strong>Verantwortlich f\u00fcr den Inhalt nach \u00a7 5 TMG<\/strong><br \/>Team Adventures UG<br \/>Riedgasse 17<br \/>35410 Hungen<\/p><p><strong>E-Mail:<\/strong>\u00a0info@team-adventures.de<br \/><strong>Web:<\/strong>\u00a0www.team-adventures.de<br \/><strong>Tel.:<\/strong>\u00a0+49 6402 \/ 7082966<\/p><p><strong>Sitz der Gesellschaft:<\/strong>\u00a0Hungen<br \/><strong>Registergericht:<\/strong> Gie\u00dfen<br \/><strong>Registernummer:<\/strong>\u00a0HRB 9533<br \/><strong>USt-IdNr. gem\u00e4\u00df \u00a7 27 a UStG:<\/strong>\u00a0DE263786300<\/p><p><strong>Vertretungsberechtigter Gesch\u00e4ftsf\u00fchrer:<\/strong><br \/>Dipl.-Kfm. Dirk Schr\u00f6der<\/p><p><strong>Haftungshinweis:<\/strong><br \/>Trotz sorgf\u00e4ltiger inhaltlicher Kontrolle \u00fcbernehmen wir keine Haftung f\u00fcr die Inhalte externer Links.<br \/>F\u00fcr den Inhalt der verlinkten Seiten sind ausschlie\u00dflich deren Betreiber verantwortlich.<\/p>\t\t\t\t\t\t\t\t<\/div>\n\t\t\t\t<\/div>\n\t\t\t\t\t<\/div>\n\t\t<\/div>\n\t\t\t\t\t<\/div>\n\t\t<\/section>\n\t\t\t\t<\/div>\n\t\t","protected":false},"excerpt":{"rendered":"<p>Impressum Verantwortlich f\u00fcr den Inhalt nach \u00a7 5 TMGTeam Adventures UGRiedgasse 1735410 Hungen E-Mail:\u00a0info@team-adventures.deWeb:\u00a0www.team-adventures.deTel.:\u00a0+49 6402 \/ 7082966 Sitz der Gesellschaft:\u00a0HungenRegistergericht: Gie\u00dfenRegisternummer:\u00a0HRB 9533USt-IdNr. gem\u00e4\u00df \u00a7 27 a UStG:\u00a0DE263786300 Vertretungsberechtigter Gesch\u00e4ftsf\u00fchrer:Dipl.-Kfm. Dirk Schr\u00f6der Haftungshinweis:Trotz sorgf\u00e4ltiger inhaltlicher Kontrolle \u00fcbernehmen wir keine Haftung f\u00fcr die Inhalte externer Links.F\u00fcr den Inhalt der verlinkten Seiten sind ausschlie\u00dflich deren Betreiber verantwortlich.<\/p>\n","protected":false},"author":2,"featured_media":0,"parent":0,"menu_order":0,"comment_status":"closed","ping_status":"closed","template":"elementor_header_footer","meta":{"footnotes":""},"class_list":["post-4340","page","type-page","status-publish","hentry"],"_links":{"self":[{"href":"https:\/\/dev.forest-adventures.de\/index.php\/wp-json\/wp\/v2\/pages\/4340","targetHints":{"allow":["GET"]}}],"collection":[{"href":"https:\/\/dev.forest-adventures.de\/index.php\/wp-json\/wp\/v2\/pages"}],"about":[{"href":"https:\/\/dev.forest-adventures.de\/index.php\/wp-json\/wp\/v2\/types\/page"}],"author":[{"embeddable":true,"href":"https:\/\/dev.forest-adventures.de\/index.php\/wp-json\/wp\/v2\/users\/2"}],"replies":[{"embeddable":true,"href":"https:\/\/dev.forest-adventures.de\/index.php\/wp-json\/wp\/v2\/comments?post=4340"}],"version-history":[{"count":25,"href":"https:\/\/dev.forest-adventures.de\/index.php\/wp-json\/wp\/v2\/pages\/4340\/revisions"}],"predecessor-version":[{"id":6735,"href":"https:\/\/dev.forest-adventures.de\/index.php\/wp-json\/wp\/v2\/pages\/4340\/revisions\/6735"}],"wp:attachment":[{"href":"https:\/\/dev.forest-adventures.de\/index.php\/wp-json\/wp\/v2\/media?parent=4340"}],"curies":[{"name":"wp","href":"https:\/\/api.w.org\/{rel}","templated":true}]}}